{"id":265,"date":"2022-08-30T11:42:44","date_gmt":"2022-08-30T09:42:44","guid":{"rendered":"http:\/\/xvgykvj.cluster029.hosting.ovh.net\/?page_id=265"},"modified":"2022-09-07T10:56:56","modified_gmt":"2022-09-07T08:56:56","slug":"brumisateur","status":"publish","type":"page","link":"https:\/\/www.in-tech-pro.com\/index.php\/brumisateur\/","title":{"rendered":"BRUMISATEUR"},"content":{"rendered":"\n<figure class=\"wp-block-image alignfull size-large\"><img loading=\"lazy\" decoding=\"async\" width=\"1024\" height=\"512\" src=\"http:\/\/xvgykvj.cluster029.hosting.ovh.net\/wp-content\/uploads\/2022\/09\/BROSSES-PEIGNES-WEBSITE-SLIDE-4000-x-2000-px--1024x512.jpg\" alt=\"\" class=\"wp-image-433\" srcset=\"https:\/\/www.in-tech-pro.com\/wp-content\/uploads\/2022\/09\/BROSSES-PEIGNES-WEBSITE-SLIDE-4000-x-2000-px--1024x512.jpg 1024w, https:\/\/www.in-tech-pro.com\/wp-content\/uploads\/2022\/09\/BROSSES-PEIGNES-WEBSITE-SLIDE-4000-x-2000-px--300x150.jpg 300w, https:\/\/www.in-tech-pro.com\/wp-content\/uploads\/2022\/09\/BROSSES-PEIGNES-WEBSITE-SLIDE-4000-x-2000-px--768x384.jpg 768w, https:\/\/www.in-tech-pro.com\/wp-content\/uploads\/2022\/09\/BROSSES-PEIGNES-WEBSITE-SLIDE-4000-x-2000-px--1536x768.jpg 1536w, https:\/\/www.in-tech-pro.com\/wp-content\/uploads\/2022\/09\/BROSSES-PEIGNES-WEBSITE-SLIDE-4000-x-2000-px-.jpg 2000w\" sizes=\"auto, (max-width: 1024px) 100vw, 1024px\" \/><\/figure>\n\n\n\n<h2 class=\"has-text-align-center has-ast-global-color-5-color has-text-color wp-block-heading\" style=\"margin-top:50px;margin-right:50px;margin-bottom:50px;margin-left:50px\"><strong>DESCRIPTION<\/strong><\/h2>\n\n\n\n<div class=\"wp-block-media-text alignwide is-stacked-on-mobile\"><figure class=\"wp-block-media-text__media\"><img loading=\"lazy\" decoding=\"async\" width=\"600\" height=\"300\" src=\"http:\/\/xvgykvj.cluster029.hosting.ovh.net\/wp-content\/uploads\/2022\/09\/CARACTERISTIQUES-PRODUITS-INTECH-PRO-WEBSITE-600-x-600-px-1.jpg\" alt=\"\" class=\"wp-image-436 size-full\" srcset=\"https:\/\/www.in-tech-pro.com\/wp-content\/uploads\/2022\/09\/CARACTERISTIQUES-PRODUITS-INTECH-PRO-WEBSITE-600-x-600-px-1.jpg 600w, https:\/\/www.in-tech-pro.com\/wp-content\/uploads\/2022\/09\/CARACTERISTIQUES-PRODUITS-INTECH-PRO-WEBSITE-600-x-600-px-1-300x150.jpg 300w\" sizes=\"auto, (max-width: 600px) 100vw, 600px\" \/><\/figure><div class=\"wp-block-media-text__content\">\n<h3 class=\"has-ast-global-color-5-color has-text-color wp-block-heading\">Brumisateur \u00e0 cheveux id\u00e9al pour la coupe sur cheveux courts.<\/h3>\n\n\n\n<p class=\"has-ast-global-color-5-color has-text-color\">Le brumisateur permet une diffusion fine et continue de l&rsquo;eau, afin d&rsquo;adapter l&rsquo;humidit\u00e9 que vous souhaitez apporter \u00e0 la chevelure avant de proc\u00e9der \u00e0 la coupe, ou au cours d&rsquo;une coupe.<\/p>\n<\/div><\/div>\n\n\n\n<div class=\"wp-block-media-text alignwide has-media-on-the-right is-stacked-on-mobile\"><figure class=\"wp-block-media-text__media\"><img loading=\"lazy\" decoding=\"async\" width=\"600\" height=\"300\" src=\"http:\/\/xvgykvj.cluster029.hosting.ovh.net\/wp-content\/uploads\/2022\/09\/CARACTERISTIQUES-PRODUITS-INTECH-PRO-WEBSITE-600-x-600-px-2.jpg\" alt=\"\" class=\"wp-image-437 size-full\" srcset=\"https:\/\/www.in-tech-pro.com\/wp-content\/uploads\/2022\/09\/CARACTERISTIQUES-PRODUITS-INTECH-PRO-WEBSITE-600-x-600-px-2.jpg 600w, https:\/\/www.in-tech-pro.com\/wp-content\/uploads\/2022\/09\/CARACTERISTIQUES-PRODUITS-INTECH-PRO-WEBSITE-600-x-600-px-2-300x150.jpg 300w\" sizes=\"auto, (max-width: 600px) 100vw, 600px\" \/><\/figure><div class=\"wp-block-media-text__content\">\n<h3 class=\"has-ast-global-color-5-color has-text-color wp-block-heading\">D\u00e9tails<\/h3>\n\n\n\n<p class=\"has-ast-global-color-5-color has-text-color\">Contenance : 300 ml<br>Spray continu m\u00eame la t\u00eate en bas<br>Touche \u00ab\u00a0Long spray\u00a0\u00bb<br>Diffuse une fine brume<br>Sans propergol<br>Disponible en noir ou en blanc<\/p>\n<\/div><\/div>\n","protected":false},"excerpt":{"rendered":"<p>DESCRIPTION Brumisateur \u00e0 cheveux id\u00e9al pour la coupe sur cheveux courts. Le brumisateur permet une diffusion fine et continue de l&rsquo;eau, afin d&rsquo;adapter l&rsquo;humidit\u00e9 que vous souhaitez apporter \u00e0 la chevelure avant de proc\u00e9der \u00e0 la coupe, ou au cours d&rsquo;une coupe. D\u00e9tails Contenance : 300 mlSpray continu m\u00eame la t\u00eate en basTouche \u00ab\u00a0Long spray\u00a0\u00bbDiffuse &hellip;<\/p>\n<p class=\"read-more\"> <a class=\"\" href=\"https:\/\/www.in-tech-pro.com\/index.php\/brumisateur\/\"> <span class=\"screen-reader-text\">BRUMISATEUR<\/span> Lire la suite\u00a0\u00bb<\/a><\/p>\n","protected":false},"author":1,"featured_media":0,"parent":0,"menu_order":0,"comment_status":"closed","ping_status":"closed","template":"","meta":{"site-sidebar-layout":"default","site-content-layout":"","ast-site-content-layout":"","site-content-style":"default","site-sidebar-style":"default","ast-global-header-display":"","ast-banner-title-visibility":"","ast-main-header-display":"","ast-hfb-above-header-display":"","ast-hfb-below-header-display":"","ast-hfb-mobile-header-display":"","site-post-title":"disabled","ast-breadcrumbs-content":"","ast-featured-img":"","footer-sml-layout":"","theme-transparent-header-meta":"","adv-header-id-meta":"","stick-header-meta":"","header-above-stick-meta":"","header-main-stick-meta":"","header-below-stick-meta":"","astra-migrate-meta-layouts":"","footnotes":""},"class_list":["post-265","page","type-page","status-publish","hentry"],"_links":{"self":[{"href":"https:\/\/www.in-tech-pro.com\/index.php\/wp-json\/wp\/v2\/pages\/265","targetHints":{"allow":["GET"]}}],"collection":[{"href":"https:\/\/www.in-tech-pro.com\/index.php\/wp-json\/wp\/v2\/pages"}],"about":[{"href":"https:\/\/www.in-tech-pro.com\/index.php\/wp-json\/wp\/v2\/types\/page"}],"author":[{"embeddable":true,"href":"https:\/\/www.in-tech-pro.com\/index.php\/wp-json\/wp\/v2\/users\/1"}],"replies":[{"embeddable":true,"href":"https:\/\/www.in-tech-pro.com\/index.php\/wp-json\/wp\/v2\/comments?post=265"}],"version-history":[{"count":5,"href":"https:\/\/www.in-tech-pro.com\/index.php\/wp-json\/wp\/v2\/pages\/265\/revisions"}],"predecessor-version":[{"id":482,"href":"https:\/\/www.in-tech-pro.com\/index.php\/wp-json\/wp\/v2\/pages\/265\/revisions\/482"}],"wp:attachment":[{"href":"https:\/\/www.in-tech-pro.com\/index.php\/wp-json\/wp\/v2\/media?parent=265"}],"curies":[{"name":"wp","href":"https:\/\/api.w.org\/{rel}","templated":true}]}}