{"id":321,"date":"2022-08-31T14:46:30","date_gmt":"2022-08-31T12:46:30","guid":{"rendered":"http:\/\/xvgykvj.cluster029.hosting.ovh.net\/?page_id=321"},"modified":"2022-09-02T11:21:52","modified_gmt":"2022-09-02T09:21:52","slug":"brosse-9-rangs","status":"publish","type":"page","link":"https:\/\/www.in-tech-pro.com\/index.php\/brosse-9-rangs\/","title":{"rendered":"BROSSE 9 RANGS"},"content":{"rendered":"<div class=\"n2_clear\"><ss3-force-full-width data-overflow-x=\"body\" data-horizontal-selector=\"body\"><div class=\"n2-section-smartslider fitvidsignore  n2_clear\" data-ssid=\"10\"><div id=\"n2-ss-10-align\" class=\"n2-ss-align\"><div class=\"n2-padding\"><div id=\"n2-ss-10\" data-creator=\"Smart Slider 3\" data-responsive=\"fullwidth\" class=\"n2-ss-slider n2-ow n2-has-hover n2notransition  \">\n\n\n\n\n\n<div class=\"n2-ss-slider-controls-side\"><div class=\"n2-ss-slider-controls n2-ss-slider-controls-left\"><div class=\"n2-ss-widget nextend-thumbnail nextend-thumbnail-default nextend-thumbnail-vertical n2-ow-all\" data-hide-mobileportrait=\"1\" style=\"height:100%;\" data-has-next=\"0\" data-has-previous=\"0\"><div class=\"nextend-thumbnail-inner n2-style-746c438e6cedcfe7753906285e4be28f-simple \"><div class=\"nextend-thumbnail-scroller n2-align-content-start\" style=\"grid-template-columns:repeat(1, 1fr)\"><div class=\"n2-thumbnail-dot n2-style-a51202aceb53e8c3b62e1491c0647915-dot \" data-slide-public-id=\"1\" role=\"button\" aria-label=\"12\" tabindex=\"0\"><picture class=\"skip-lazy\" data-skip-lazy=\"1\"><img decoding=\"async\" alt=\"12\" src=\"\/\/www.in-tech-pro.com\/wp-content\/uploads\/2022\/09\/12.jpg\" width=\"100\" height=\"100\" loading=\"lazy\" class=\"skip-lazy\" data-skip-lazy=\"1\" \/><\/picture><\/div><div class=\"n2-thumbnail-dot n2-style-a51202aceb53e8c3b62e1491c0647915-dot \" data-slide-public-id=\"2\" role=\"button\" aria-label=\"13\" tabindex=\"0\"><picture class=\"skip-lazy\" data-skip-lazy=\"1\"><img decoding=\"async\" alt=\"13\" src=\"\/\/www.in-tech-pro.com\/wp-content\/uploads\/2022\/09\/13.jpg\" width=\"100\" height=\"100\" loading=\"lazy\" class=\"skip-lazy\" data-skip-lazy=\"1\" \/><\/picture><\/div><div class=\"n2-thumbnail-dot n2-style-a51202aceb53e8c3b62e1491c0647915-dot \" data-slide-public-id=\"3\" role=\"button\" aria-label=\"14\" tabindex=\"0\"><picture class=\"skip-lazy\" data-skip-lazy=\"1\"><img decoding=\"async\" alt=\"14\" src=\"\/\/www.in-tech-pro.com\/wp-content\/uploads\/2022\/09\/14.jpg\" width=\"100\" height=\"100\" loading=\"lazy\" class=\"skip-lazy\" data-skip-lazy=\"1\" \/><\/picture><\/div><\/div><\/div><div class=\"nextend-thumbnail-button nextend-thumbnail-previous\"><img decoding=\"async\" width=\"26\" height=\"26\" style=\"width:26px;\" loading=\"lazy\" class=\"skip-lazy\" data-skip-lazy=\"1\" src=\"data:image\/svg+xml;base64,PHN2ZyB3aWR0aD0iMjYiIGhlaWdodD0iMjYiIHhtbG5zPSJodHRwOi8vd3d3LnczLm9yZy8yMDAwL3N2ZyI+CiAgICA8ZyBmaWxsPSJub25lIiBmaWxsLXJ1bGU9ImV2ZW5vZGQiPgogICAgICAgIDxjaXJjbGUgc3Ryb2tlPSIjZmZmIiBzdHJva2Utd2lkdGg9IjIiIG9wYWNpdHk9Ii41IiBmaWxsPSIjMDAwIiBjeD0iMTMiIGN5PSIxMyIgcj0iMTIiLz4KICAgICAgICA8cGF0aCBkPSJNMTMuNDM1IDkuMTc4Yy0uMTI2LS4xMjEtLjI3LS4xODItLjQzNi0uMTgyLS4xNjQgMC0uMzA2LjA2MS0uNDI4LjE4MmwtNC4zOCA0LjE3NWMtLjEyNi4xMjEtLjE4OC4yNjItLjE4OC40MjQgMCAuMTYxLjA2Mi4zMDIuMTg4LjQyM2wuNjUuNjIyYy4xMjYuMTIxLjI3My4xODIuNDQxLjE4Mi4xNyAwIC4zMTQtLjA2MS40MzYtLjE4MmwzLjMxNC0zLjE2MSAzLjI0OSAzLjE2MWMuMTI2LjEyMS4yNjkuMTgyLjQzMi4xODIuMTY0IDAgLjMwNy0uMDYxLjQzMy0uMTgybC42NjItLjYyMmMuMTI2LS4xMjEuMTg5LS4yNjIuMTg5LS40MjMgMC0uMTYyLS4wNjMtLjMwMy0uMTg5LS40MjRsLTQuMzczLTQuMTc1eiIKICAgICAgICAgICAgICBmaWxsPSIjZmZmIi8+CiAgICA8L2c+Cjwvc3ZnPg==\" alt=\"previous arrow\"><\/div><div class=\"nextend-thumbnail-button nextend-thumbnail-next\"><img decoding=\"async\" width=\"26\" height=\"26\" style=\"width:26px;\" loading=\"lazy\" class=\"skip-lazy\" data-skip-lazy=\"1\" src=\"data:image\/svg+xml;base64,PHN2ZyB4bWxucz0iaHR0cDovL3d3dy53My5vcmcvMjAwMC9zdmciIHdpZHRoPSIyNiIgaGVpZ2h0PSIyNiI+CiAgICA8ZyBmaWxsPSJub25lIj4KICAgICAgICA8Y2lyY2xlIGN4PSIxMyIgY3k9IjEzIiByPSIxMiIgZmlsbD0iIzAwMCIgc3Ryb2tlPSIjZmZmIiBzdHJva2Utd2lkdGg9IjIiIG9wYWNpdHk9Ii41Ii8+CiAgICAgICAgPHBhdGggZmlsbD0iI2ZmZiIKICAgICAgICAgICAgICBkPSJNMTIuNTY1IDE2LjgyMmMuMTI2LjEyLjI3LjE4Mi40MzYuMTgyLjE2OCAwIC4zMS0uMDYuNDMtLjE4Mmw0LjM4LTQuMTc1Yy4xMjgtLjEyLjE5LS4yNjIuMTktLjQyNCAwLS4xNi0uMDYyLS4zMDItLjE5LS40MjNsLS42NS0uNjIyYy0uMTI1LS4xMi0uMjcyLS4xODItLjQ0LS4xODItLjE3IDAtLjMxNC4wNi0uNDM2LjE4MmwtMy4zMTQgMy4xNi0zLjI1LTMuMTZjLS4xMjYtLjEyLS4yNy0uMTgyLS40My0uMTgyLS4xNjYgMC0uMzEuMDYtLjQzNS4xODJsLS42NjIuNjIyYy0uMTI2LjEyLS4xOS4yNjItLjE5LjQyMyAwIC4xNjIuMDY0LjMwMy4xOS40MjRsNC4zNzMgNC4xNzV6Ii8+CiAgICA8L2c+Cjwvc3ZnPg==\" alt=\"next arrow\"><\/div><\/div><\/div><div class=\"n2-ss-slider-wrapper-inside\">\n        <div class=\"n2-ss-slider-1 n2_ss__touch_element n2-ow\">\n            <div class=\"n2-ss-slider-2 n2-ow\">\n                                                <div class=\"n2-ss-slider-3 n2-ow\">\n\n                    <div class=\"n2-ss-slide-backgrounds n2-ow-all\"><div class=\"n2-ss-slide-background\" data-public-id=\"1\" data-mode=\"fill\"><div class=\"n2-ss-slide-background-image\" data-blur=\"0\" data-opacity=\"100\" data-x=\"50\" data-y=\"50\" data-alt=\"\" data-title=\"\"><picture class=\"skip-lazy\" data-skip-lazy=\"1\"><img decoding=\"async\" src=\"\/\/www.in-tech-pro.com\/wp-content\/uploads\/2022\/09\/12.jpg\" alt=\"\" title=\"\" loading=\"lazy\" class=\"skip-lazy\" data-skip-lazy=\"1\"><\/picture><\/div><div data-color=\"RGBA(255,255,255,0)\" style=\"background-color: RGBA(255,255,255,0);\" class=\"n2-ss-slide-background-color\"><\/div><\/div><div class=\"n2-ss-slide-background\" data-public-id=\"2\" data-mode=\"fill\" aria-hidden=\"true\"><div class=\"n2-ss-slide-background-image\" data-blur=\"0\" data-opacity=\"100\" data-x=\"50\" data-y=\"50\" data-alt=\"\" data-title=\"\"><picture class=\"skip-lazy\" data-skip-lazy=\"1\"><img decoding=\"async\" src=\"\/\/www.in-tech-pro.com\/wp-content\/uploads\/2022\/09\/13.jpg\" alt=\"\" title=\"\" loading=\"lazy\" class=\"skip-lazy\" data-skip-lazy=\"1\"><\/picture><\/div><div data-color=\"RGBA(255,255,255,0)\" style=\"background-color: RGBA(255,255,255,0);\" class=\"n2-ss-slide-background-color\"><\/div><\/div><div class=\"n2-ss-slide-background\" data-public-id=\"3\" data-mode=\"fill\" aria-hidden=\"true\"><div class=\"n2-ss-slide-background-image\" data-blur=\"0\" data-opacity=\"100\" data-x=\"50\" data-y=\"50\" data-alt=\"\" data-title=\"\"><picture class=\"skip-lazy\" data-skip-lazy=\"1\"><img decoding=\"async\" src=\"\/\/www.in-tech-pro.com\/wp-content\/uploads\/2022\/09\/14.jpg\" alt=\"\" title=\"\" loading=\"lazy\" class=\"skip-lazy\" data-skip-lazy=\"1\"><\/picture><\/div><div data-color=\"RGBA(255,255,255,0)\" style=\"background-color: RGBA(255,255,255,0);\" class=\"n2-ss-slide-background-color\"><\/div><\/div><\/div>                    <div class=\"n2-ss-slider-4 n2-ow\">\n                        <svg xmlns=\"http:\/\/www.w3.org\/2000\/svg\" viewBox=\"0 0 1200 600\" data-related-device=\"desktopPortrait\" class=\"n2-ow n2-ss-preserve-size n2-ss-preserve-size--slider n2-ss-slide-limiter\"><\/svg><div data-first=\"1\" data-slide-duration=\"0\" data-id=\"80\" data-slide-public-id=\"1\" data-title=\"12\" class=\"n2-ss-slide n2-ow  n2-ss-slide-80\"><div role=\"note\" class=\"n2-ss-slide--focus\" tabindex=\"-1\">12<\/div><div class=\"n2-ss-layers-container n2-ss-slide-limiter n2-ow\"><div class=\"n2-ss-layer n2-ow n-uc-BN5unSHOFq0U\" data-sstype=\"slide\" data-pm=\"default\"><\/div><\/div><\/div><div data-slide-duration=\"0\" data-id=\"81\" data-slide-public-id=\"2\" aria-hidden=\"true\" data-title=\"13\" class=\"n2-ss-slide n2-ow  n2-ss-slide-81\"><div role=\"note\" class=\"n2-ss-slide--focus\" tabindex=\"-1\">13<\/div><div class=\"n2-ss-layers-container n2-ss-slide-limiter n2-ow\"><div class=\"n2-ss-layer n2-ow n-uc-tZGN2qnJEOHq\" data-sstype=\"slide\" data-pm=\"default\"><\/div><\/div><\/div><div data-slide-duration=\"0\" data-id=\"82\" data-slide-public-id=\"3\" aria-hidden=\"true\" data-title=\"14\" class=\"n2-ss-slide n2-ow  n2-ss-slide-82\"><div role=\"note\" class=\"n2-ss-slide--focus\" tabindex=\"-1\">14<\/div><div class=\"n2-ss-layers-container n2-ss-slide-limiter n2-ow\"><div class=\"n2-ss-layer n2-ow n-uc-xQ5NgFg9ZkBP\" data-sstype=\"slide\" data-pm=\"default\"><\/div><\/div><\/div>                    <\/div>\n\n                                    <\/div>\n            <\/div>\n        <\/div>\n        <div class=\"n2-ss-slider-controls n2-ss-slider-controls-absolute-left-center\"><div style=\"--widget-offset:15px;\" class=\"n2-ss-widget nextend-arrow n2-ow-all nextend-arrow-previous  nextend-arrow-animated-fade\" data-hide-mobileportrait=\"1\" id=\"n2-ss-10-arrow-previous\" role=\"button\" aria-label=\"previous arrow\" tabindex=\"0\"><img loading=\"lazy\" decoding=\"async\" width=\"32\" height=\"32\" class=\"n2-arrow-normal-img skip-lazy\" data-skip-lazy=\"1\" src=\"data:image\/svg+xml;base64,PHN2ZyB3aWR0aD0iMzIiIGhlaWdodD0iMzIiIHZpZXdCb3g9IjAgMCAzMiAzMiIgeG1sbnM9Imh0dHA6Ly93d3cudzMub3JnLzIwMDAvc3ZnIj4KICAgIDxwYXRoIGQ9Ik0xMS40MzMgMTUuOTkyTDIyLjY5IDUuNzEyYy4zOTMtLjM5LjM5My0xLjAzIDAtMS40Mi0uMzkzLS4zOS0xLjAzLS4zOS0xLjQyMyAwbC0xMS45OCAxMC45NGMtLjIxLjIxLS4zLjQ5LS4yODUuNzYtLjAxNS4yOC4wNzUuNTYuMjg0Ljc3bDExLjk4IDEwLjk0Yy4zOTMuMzkgMS4wMy4zOSAxLjQyNCAwIC4zOTMtLjQuMzkzLTEuMDMgMC0xLjQybC0xMS4yNTctMTAuMjkiCiAgICAgICAgICBmaWxsPSIjZmZmZmZmIiBvcGFjaXR5PSIwLjUiIGZpbGwtcnVsZT0iZXZlbm9kZCIvPgo8L3N2Zz4=\" alt=\"previous arrow\"><img loading=\"lazy\" decoding=\"async\" width=\"32\" height=\"32\" class=\"n2-arrow-hover-img skip-lazy\" data-skip-lazy=\"1\" src=\"data:image\/svg+xml;base64,PHN2ZyB3aWR0aD0iMzIiIGhlaWdodD0iMzIiIHZpZXdCb3g9IjAgMCAzMiAzMiIgeG1sbnM9Imh0dHA6Ly93d3cudzMub3JnLzIwMDAvc3ZnIj4KICAgIDxwYXRoIGQ9Ik0xMS40MzMgMTUuOTkyTDIyLjY5IDUuNzEyYy4zOTMtLjM5LjM5My0xLjAzIDAtMS40Mi0uMzkzLS4zOS0xLjAzLS4zOS0xLjQyMyAwbC0xMS45OCAxMC45NGMtLjIxLjIxLS4zLjQ5LS4yODUuNzYtLjAxNS4yOC4wNzUuNTYuMjg0Ljc3bDExLjk4IDEwLjk0Yy4zOTMuMzkgMS4wMy4zOSAxLjQyNCAwIC4zOTMtLjQuMzkzLTEuMDMgMC0xLjQybC0xMS4yNTctMTAuMjkiCiAgICAgICAgICBmaWxsPSIjZmZmZmZmIiBvcGFjaXR5PSIwLjgiIGZpbGwtcnVsZT0iZXZlbm9kZCIvPgo8L3N2Zz4=\" alt=\"previous arrow\"><\/div><\/div><div class=\"n2-ss-slider-controls n2-ss-slider-controls-absolute-right-center\"><div style=\"--widget-offset:15px;\" class=\"n2-ss-widget nextend-arrow n2-ow-all nextend-arrow-next  nextend-arrow-animated-fade\" data-hide-mobileportrait=\"1\" id=\"n2-ss-10-arrow-next\" role=\"button\" aria-label=\"next arrow\" tabindex=\"0\"><img loading=\"lazy\" decoding=\"async\" width=\"32\" height=\"32\" class=\"n2-arrow-normal-img skip-lazy\" data-skip-lazy=\"1\" src=\"data:image\/svg+xml;base64,PHN2ZyB3aWR0aD0iMzIiIGhlaWdodD0iMzIiIHZpZXdCb3g9IjAgMCAzMiAzMiIgeG1sbnM9Imh0dHA6Ly93d3cudzMub3JnLzIwMDAvc3ZnIj4KICAgIDxwYXRoIGQ9Ik0xMC43MjIgNC4yOTNjLS4zOTQtLjM5LTEuMDMyLS4zOS0xLjQyNyAwLS4zOTMuMzktLjM5MyAxLjAzIDAgMS40MmwxMS4yODMgMTAuMjgtMTEuMjgzIDEwLjI5Yy0uMzkzLjM5LS4zOTMgMS4wMiAwIDEuNDIuMzk1LjM5IDEuMDMzLjM5IDEuNDI3IDBsMTIuMDA3LTEwLjk0Yy4yMS0uMjEuMy0uNDkuMjg0LS43Ny4wMTQtLjI3LS4wNzYtLjU1LS4yODYtLjc2TDEwLjcyIDQuMjkzeiIKICAgICAgICAgIGZpbGw9IiNmZmZmZmYiIG9wYWNpdHk9IjAuNSIgZmlsbC1ydWxlPSJldmVub2RkIi8+Cjwvc3ZnPg==\" alt=\"next arrow\"><img loading=\"lazy\" decoding=\"async\" width=\"32\" height=\"32\" class=\"n2-arrow-hover-img skip-lazy\" data-skip-lazy=\"1\" src=\"data:image\/svg+xml;base64,PHN2ZyB3aWR0aD0iMzIiIGhlaWdodD0iMzIiIHZpZXdCb3g9IjAgMCAzMiAzMiIgeG1sbnM9Imh0dHA6Ly93d3cudzMub3JnLzIwMDAvc3ZnIj4KICAgIDxwYXRoIGQ9Ik0xMC43MjIgNC4yOTNjLS4zOTQtLjM5LTEuMDMyLS4zOS0xLjQyNyAwLS4zOTMuMzktLjM5MyAxLjAzIDAgMS40MmwxMS4yODMgMTAuMjgtMTEuMjgzIDEwLjI5Yy0uMzkzLjM5LS4zOTMgMS4wMiAwIDEuNDIuMzk1LjM5IDEuMDMzLjM5IDEuNDI3IDBsMTIuMDA3LTEwLjk0Yy4yMS0uMjEuMy0uNDkuMjg0LS43Ny4wMTQtLjI3LS4wNzYtLjU1LS4yODYtLjc2TDEwLjcyIDQuMjkzeiIKICAgICAgICAgIGZpbGw9IiNmZmZmZmYiIG9wYWNpdHk9IjAuOCIgZmlsbC1ydWxlPSJldmVub2RkIi8+Cjwvc3ZnPg==\" alt=\"next arrow\"><\/div><\/div><\/div><\/div><\/div><ss3-loader><\/ss3-loader><\/div><\/div><div class=\"n2_clear\"><\/div><\/div><\/ss3-force-full-width><\/div>\n\n\n<h2 class=\"has-text-align-center has-ast-global-color-5-color has-text-color wp-block-heading\" style=\"margin-top:50px;margin-right:50px;margin-bottom:50px;margin-left:50px\"><strong>TECHNOLOGIE &amp; CARACT\u00c9RISTIQUES<\/strong><\/h2>\n\n\n\n<div class=\"wp-block-media-text alignwide is-stacked-on-mobile\"><figure class=\"wp-block-media-text__media\"><img loading=\"lazy\" decoding=\"async\" width=\"600\" height=\"300\" src=\"http:\/\/xvgykvj.cluster029.hosting.ovh.net\/wp-content\/uploads\/2022\/09\/10-1.jpg\" alt=\"\" class=\"wp-image-403 size-full\" srcset=\"https:\/\/www.in-tech-pro.com\/wp-content\/uploads\/2022\/09\/10-1.jpg 600w, https:\/\/www.in-tech-pro.com\/wp-content\/uploads\/2022\/09\/10-1-300x150.jpg 300w\" sizes=\"auto, (max-width: 600px) 100vw, 600px\" \/><\/figure><div class=\"wp-block-media-text__content\">\n<h3 class=\"has-ast-global-color-5-color has-text-color wp-block-heading\">Une brosse intemporelle qui convient \u00e0 tout type de cheveux<\/h3>\n\n\n\n<p class=\"has-ast-global-color-5-color has-text-color\">La brosse 9 rangs deviendra rapidement un outil indispensable, quelle que soit la coupe de cheveux. Ses picots en caoutchouc sont espac\u00e9s de mani\u00e8re r\u00e9guli\u00e8re et sont dispos\u00e9s en forme d\u2019\u00e9ventail sur un coussin flexible, lui permettant de s\u2019adapter parfaitement \u00e0 la forme du cr\u00e2ne.\u00a0<\/p>\n<\/div><\/div>\n\n\n\n<div class=\"wp-block-media-text alignwide has-media-on-the-right is-stacked-on-mobile\"><figure class=\"wp-block-media-text__media\"><video controls src=\"http:\/\/xvgykvj.cluster029.hosting.ovh.net\/wp-content\/uploads\/2022\/09\/video-brosse-9-rangs.mp4\"><\/video><\/figure><div class=\"wp-block-media-text__content\">\n<h3 class=\"has-ast-global-color-5-color has-text-color wp-block-heading\">Manche l\u00e9ger et maniable<\/h3>\n\n\n\n<p class=\"has-ast-global-color-5-color has-text-color\">Sa poign\u00e9e ergonomique et antid\u00e9rapante, pour une prise en main ais\u00e9e. Gr\u00e2ce \u00e0 sa composition en caoutchouc, elle ne chauffe pas lorsque vous utilisez le s\u00e8che-cheveux, et vous ne risquez donc pas de vous br\u00fbler la main.<\/p>\n<\/div><\/div>\n\n\n\n<div class=\"wp-block-media-text alignwide is-stacked-on-mobile\"><figure class=\"wp-block-media-text__media\"><img loading=\"lazy\" decoding=\"async\" width=\"600\" height=\"300\" src=\"http:\/\/xvgykvj.cluster029.hosting.ovh.net\/wp-content\/uploads\/2022\/09\/9-1.jpg\" alt=\"\" class=\"wp-image-404 size-full\" srcset=\"https:\/\/www.in-tech-pro.com\/wp-content\/uploads\/2022\/09\/9-1.jpg 600w, https:\/\/www.in-tech-pro.com\/wp-content\/uploads\/2022\/09\/9-1-300x150.jpg 300w\" sizes=\"auto, (max-width: 600px) 100vw, 600px\" \/><\/figure><div class=\"wp-block-media-text__content\">\n<h3 class=\"has-ast-global-color-5-color has-text-color wp-block-heading\">Qualit\u00e9 antistatique<\/h3>\n\n\n\n<p class=\"has-ast-global-color-5-color has-text-color\">La brosse est fabriqu\u00e9e dans une mati\u00e8re antistatique, pour que les cheveux restent en place tout au long du coiffage. Fini les cheveux qui cr\u00e9pitent et se dressent sur la t\u00eate. Les 9 rang\u00e9es de la brosse sont id\u00e9ales pour une utilisation sur des cheveux mi-longs \u00e0 longs.<\/p>\n<\/div><\/div>\n","protected":false},"excerpt":{"rendered":"<p>TECHNOLOGIE &amp; CARACT\u00c9RISTIQUES Une brosse intemporelle qui convient \u00e0 tout type de cheveux La brosse 9 rangs deviendra rapidement un outil indispensable, quelle que soit la coupe de cheveux. Ses picots en caoutchouc sont espac\u00e9s de mani\u00e8re r\u00e9guli\u00e8re et sont dispos\u00e9s en forme d\u2019\u00e9ventail sur un coussin flexible, lui permettant de s\u2019adapter parfaitement \u00e0 la &hellip;<\/p>\n<p class=\"read-more\"> <a class=\"\" href=\"https:\/\/www.in-tech-pro.com\/index.php\/brosse-9-rangs\/\"> <span class=\"screen-reader-text\">BROSSE 9 RANGS<\/span> Lire la suite\u00a0\u00bb<\/a><\/p>\n","protected":false},"author":1,"featured_media":0,"parent":0,"menu_order":0,"comment_status":"closed","ping_status":"closed","template":"","meta":{"site-sidebar-layout":"default","site-content-layout":"","ast-site-content-layout":"","site-content-style":"default","site-sidebar-style":"default","ast-global-header-display":"","ast-banner-title-visibility":"","ast-main-header-display":"","ast-hfb-above-header-display":"","ast-hfb-below-header-display":"","ast-hfb-mobile-header-display":"","site-post-title":"disabled","ast-breadcrumbs-content":"","ast-featured-img":"","footer-sml-layout":"","theme-transparent-header-meta":"","adv-header-id-meta":"","stick-header-meta":"","header-above-stick-meta":"","header-main-stick-meta":"","header-below-stick-meta":"","astra-migrate-meta-layouts":"","footnotes":""},"class_list":["post-321","page","type-page","status-publish","hentry"],"_links":{"self":[{"href":"https:\/\/www.in-tech-pro.com\/index.php\/wp-json\/wp\/v2\/pages\/321","targetHints":{"allow":["GET"]}}],"collection":[{"href":"https:\/\/www.in-tech-pro.com\/index.php\/wp-json\/wp\/v2\/pages"}],"about":[{"href":"https:\/\/www.in-tech-pro.com\/index.php\/wp-json\/wp\/v2\/types\/page"}],"author":[{"embeddable":true,"href":"https:\/\/www.in-tech-pro.com\/index.php\/wp-json\/wp\/v2\/users\/1"}],"replies":[{"embeddable":true,"href":"https:\/\/www.in-tech-pro.com\/index.php\/wp-json\/wp\/v2\/comments?post=321"}],"version-history":[{"count":5,"href":"https:\/\/www.in-tech-pro.com\/index.php\/wp-json\/wp\/v2\/pages\/321\/revisions"}],"predecessor-version":[{"id":405,"href":"https:\/\/www.in-tech-pro.com\/index.php\/wp-json\/wp\/v2\/pages\/321\/revisions\/405"}],"wp:attachment":[{"href":"https:\/\/www.in-tech-pro.com\/index.php\/wp-json\/wp\/v2\/media?parent=321"}],"curies":[{"name":"wp","href":"https:\/\/api.w.org\/{rel}","templated":true}]}}