{"id":457,"date":"2022-09-07T10:08:46","date_gmt":"2022-09-07T08:08:46","guid":{"rendered":"https:\/\/www.in-tech-pro.com\/?page_id=457"},"modified":"2022-09-07T10:08:46","modified_gmt":"2022-09-07T08:08:46","slug":"mentions-legales","status":"publish","type":"page","link":"https:\/\/www.in-tech-pro.com\/index.php\/mentions-legales\/","title":{"rendered":"MENTIONS L\u00c9GALES"},"content":{"rendered":"\n<p>Entreprise : Natural Cosmetic Distribution<br>N\u00b0 Siret : 313 701 898 000 63<\/p>\n\n\n\n<p><strong>H\u00e9bergement : OVH<\/strong><br>2 rue Kellermann \u2013 59100 Roubaix \u2013 France.<br>http:\/\/www.ovh.com\/<\/p>\n\n\n\n<p><strong>Propri\u00e9t\u00e9 intellectuelle<\/strong><br>La conception, les textes et illustrations de ce site internet sont la propri\u00e9t\u00e9 exclusive de Natural Cosmetic Distribution ou de tiers ayant conc\u00e9d\u00e9 un droit d\u2019utilisation et ne peuvent \u00eatre utilis\u00e9s, reproduits ou copi\u00e9s partiellement ou dans leur int\u00e9gralit\u00e9 sans son autorisation \u00e9crite.<\/p>\n\n\n\n<p><strong>Donn\u00e9es personnelles<\/strong><br>Les donn\u00e9es personnelles collect\u00e9es sont uniquement destin\u00e9es \u00e0 un usage interne. En aucun cas ces donn\u00e9es ne seront c\u00e9d\u00e9es ou vendues \u00e0 des tiers. Conform\u00e9ment \u00e0 la l\u00e9gislation fran\u00e7aise, vous disposez d\u2019un droit d\u2019acc\u00e8s, de modification, de rectification et de suppression des donn\u00e9es qui vous concernent. Vous pouvez exercer ce droit dans les conditions pr\u00e9vues par la loi n\u00b0 78-17 du 6 janvier 1978 (modifi\u00e9e) relative \u00e0 l\u2019informatique, aux fichiers et aux libert\u00e9s en envoyant un email \u00e0 l\u2019adresse suivante : contact@ncd.green.<\/p>\n\n\n\n<p><strong>Cookies<\/strong><br>Natural Cosmetic Distribution utilise des cookies afin de comprendre et d\u2019analyser l\u2019utilisation que les internautes font du site. Un cookie ne permet pas de vous identifier mais enregistre des informations relatives \u00e0 votre navigation, ces informations seront relues lors de vos prochaines visites et conserv\u00e9es sur votre ordinateur jusqu\u2019a ce que vous les supprimiez.<\/p>\n\n\n\n<p><strong>L\u00e9gislation<\/strong><br>Ce site est conforme \u00e0 la l\u00e9gislation fran\u00e7aise, Natural Cosmetic Distribution\u00a0ne donne aucune garantie de conformit\u00e9 \u00e0 la l\u00e9gislation locale qui vous serait applicable d\u00e8s lors que vous acc\u00e9dez au site \u00e0 partir d\u2019autres pays.<\/p>\n","protected":false},"excerpt":{"rendered":"<p>Entreprise : Natural Cosmetic DistributionN\u00b0 Siret : 313 701 898 000 63 H\u00e9bergement : OVH2 rue Kellermann \u2013 59100 Roubaix \u2013 France.http:\/\/www.ovh.com\/ Propri\u00e9t\u00e9 intellectuelleLa conception, les textes et illustrations de ce site internet sont la propri\u00e9t\u00e9 exclusive de Natural Cosmetic Distribution ou de tiers ayant conc\u00e9d\u00e9 un droit d\u2019utilisation et ne peuvent \u00eatre utilis\u00e9s, reproduits &hellip;<\/p>\n<p class=\"read-more\"> <a class=\"\" href=\"https:\/\/www.in-tech-pro.com\/index.php\/mentions-legales\/\"> <span class=\"screen-reader-text\">MENTIONS L\u00c9GALES<\/span> Lire la suite\u00a0\u00bb<\/a><\/p>\n","protected":false},"author":1,"featured_media":0,"parent":0,"menu_order":0,"comment_status":"closed","ping_status":"closed","template":"","meta":{"site-sidebar-layout":"default","site-content-layout":"","ast-site-content-layout":"","site-content-style":"default","site-sidebar-style":"default","ast-global-header-display":"","ast-banner-title-visibility":"","ast-main-header-display":"","ast-hfb-above-header-display":"","ast-hfb-below-header-display":"","ast-hfb-mobile-header-display":"","site-post-title":"","ast-breadcrumbs-content":"","ast-featured-img":"","footer-sml-layout":"","theme-transparent-header-meta":"","adv-header-id-meta":"","stick-header-meta":"","header-above-stick-meta":"","header-main-stick-meta":"","header-below-stick-meta":"","astra-migrate-meta-layouts":"","footnotes":""},"class_list":["post-457","page","type-page","status-publish","hentry"],"_links":{"self":[{"href":"https:\/\/www.in-tech-pro.com\/index.php\/wp-json\/wp\/v2\/pages\/457","targetHints":{"allow":["GET"]}}],"collection":[{"href":"https:\/\/www.in-tech-pro.com\/index.php\/wp-json\/wp\/v2\/pages"}],"about":[{"href":"https:\/\/www.in-tech-pro.com\/index.php\/wp-json\/wp\/v2\/types\/page"}],"author":[{"embeddable":true,"href":"https:\/\/www.in-tech-pro.com\/index.php\/wp-json\/wp\/v2\/users\/1"}],"replies":[{"embeddable":true,"href":"https:\/\/www.in-tech-pro.com\/index.php\/wp-json\/wp\/v2\/comments?post=457"}],"version-history":[{"count":1,"href":"https:\/\/www.in-tech-pro.com\/index.php\/wp-json\/wp\/v2\/pages\/457\/revisions"}],"predecessor-version":[{"id":458,"href":"https:\/\/www.in-tech-pro.com\/index.php\/wp-json\/wp\/v2\/pages\/457\/revisions\/458"}],"wp:attachment":[{"href":"https:\/\/www.in-tech-pro.com\/index.php\/wp-json\/wp\/v2\/media?parent=457"}],"curies":[{"name":"wp","href":"https:\/\/api.w.org\/{rel}","templated":true}]}}