{"id":553,"date":"2023-07-18T08:39:35","date_gmt":"2023-07-18T06:39:35","guid":{"rendered":"https:\/\/www.in-tech-pro.com\/?page_id=553"},"modified":"2024-04-04T09:10:11","modified_gmt":"2024-04-04T07:10:11","slug":"produits","status":"publish","type":"page","link":"https:\/\/www.in-tech-pro.com\/index.php\/produits\/","title":{"rendered":"OXYDANTS"},"content":{"rendered":"\n<div class=\"wp-block-media-text alignwide is-stacked-on-mobile is-vertically-aligned-top\" style=\"grid-template-columns:35% auto\"><figure class=\"wp-block-media-text__media\"><img loading=\"lazy\" decoding=\"async\" width=\"1024\" height=\"1024\" src=\"https:\/\/www.in-tech-pro.com\/wp-content\/uploads\/2024\/04\/publication-instagam-4-1024x1024.png\" alt=\"\" class=\"wp-image-697 size-full\" srcset=\"https:\/\/www.in-tech-pro.com\/wp-content\/uploads\/2024\/04\/publication-instagam-4-1024x1024.png 1024w, https:\/\/www.in-tech-pro.com\/wp-content\/uploads\/2024\/04\/publication-instagam-4-300x300.png 300w, https:\/\/www.in-tech-pro.com\/wp-content\/uploads\/2024\/04\/publication-instagam-4-150x150.png 150w, https:\/\/www.in-tech-pro.com\/wp-content\/uploads\/2024\/04\/publication-instagam-4-768x768.png 768w, https:\/\/www.in-tech-pro.com\/wp-content\/uploads\/2024\/04\/publication-instagam-4.png 1080w\" sizes=\"auto, (max-width: 1024px) 100vw, 1024px\" \/><\/figure><div class=\"wp-block-media-text__content\">\n<h2 class=\"wp-block-heading\">OXYDANT 20 volumes D\u00e9jaunisseur<\/h2>\n\n\n\n<p>contenance : 1000 ml<\/p>\n\n\n\n<p>La formule europ\u00e9enne de l&rsquo;activateur de cr\u00e8me professionnel, stabilis\u00e9e pour de meilleurs r\u00e9sultats, aide \u00e0 am\u00e9liorer le d\u00e9p\u00f4t et l&rsquo;uniformit\u00e9 du traitement. <\/p>\n\n\n\n<p>Avertissement : contient du peroxyde d&rsquo;hydrog\u00e8ne. Eviter le contact avec les yeux. En cas de contact avec les yeux, rincer imm\u00e9diatement et abondamment \u00e0 l&rsquo;eau ti\u00e8de et appelez un m\u00e9decin. Ne pas appliquer directement au contact du cuir chevelu. Ne l&rsquo;utilisez pas sur les cils et les courcils. Suivez les instructions. Il est recommand\u00e9 de porter des gants de protection pendant l&rsquo;utilisation. Garder hors de la port\u00e9e des enfants. <\/p>\n\n\n\n<p>POUR UN USAGE PROFESSIONNEL SEULEMENT. <\/p>\n\n\n\n<p>Fabriqu\u00e9 en Italie.<\/p>\n<\/div><\/div>\n\n\n\n<div style=\"height:100px\" aria-hidden=\"true\" class=\"wp-block-spacer\"><\/div>\n\n\n\n<div class=\"wp-block-media-text alignwide has-media-on-the-right is-stacked-on-mobile is-vertically-aligned-top\" style=\"grid-template-columns:auto 35%\"><div class=\"wp-block-media-text__content\">\n<h2 class=\"wp-block-heading\">OXYDANT 30 volumes D\u00e9jaunisseur<\/h2>\n\n\n\n<p>contenance : 1000 ml<\/p>\n\n\n\n<p>La formule europ\u00e9enne de l&rsquo;activateur de cr\u00e8me professionnel, stabilis\u00e9e pour de meilleurs r\u00e9sultats, aide \u00e0 am\u00e9liorer le d\u00e9p\u00f4t et l&rsquo;uniformit\u00e9 du traitement. <\/p>\n\n\n\n<p>Avertissement : contient du peroxyde d&rsquo;hydrog\u00e8ne. Eviter le contact avec les yeux. En cas de contact avec les yeux, rincer imm\u00e9diatement et abondamment \u00e0 l&rsquo;eau ti\u00e8de et appelez un m\u00e9decin. Ne pas appliquer directement au contact du cuir chevelu. Ne l&rsquo;utilisez pas sur les cils et les courcils. Suivez les instructions. Il est recommand\u00e9 de porter des gants de protection pendant l&rsquo;utilisation. Garder hors de la port\u00e9e des enfants. <\/p>\n\n\n\n<p>POUR UN USAGE PROFESSIONNEL SEULEMENT. <\/p>\n\n\n\n<p>Fabriqu\u00e9 en Italie.<\/p>\n<\/div><figure class=\"wp-block-media-text__media\"><img loading=\"lazy\" decoding=\"async\" width=\"1024\" height=\"1024\" src=\"https:\/\/www.in-tech-pro.com\/wp-content\/uploads\/2024\/04\/publication-instagam-5-1024x1024.png\" alt=\"\" class=\"wp-image-698 size-full\" srcset=\"https:\/\/www.in-tech-pro.com\/wp-content\/uploads\/2024\/04\/publication-instagam-5-1024x1024.png 1024w, https:\/\/www.in-tech-pro.com\/wp-content\/uploads\/2024\/04\/publication-instagam-5-300x300.png 300w, https:\/\/www.in-tech-pro.com\/wp-content\/uploads\/2024\/04\/publication-instagam-5-150x150.png 150w, https:\/\/www.in-tech-pro.com\/wp-content\/uploads\/2024\/04\/publication-instagam-5-768x768.png 768w, https:\/\/www.in-tech-pro.com\/wp-content\/uploads\/2024\/04\/publication-instagam-5.png 1080w\" sizes=\"auto, (max-width: 1024px) 100vw, 1024px\" \/><\/figure><\/div>\n","protected":false},"excerpt":{"rendered":"<p>OXYDANT 20 volumes D\u00e9jaunisseur contenance : 1000 ml La formule europ\u00e9enne de l&rsquo;activateur de cr\u00e8me professionnel, stabilis\u00e9e pour de meilleurs r\u00e9sultats, aide \u00e0 am\u00e9liorer le d\u00e9p\u00f4t et l&rsquo;uniformit\u00e9 du traitement. Avertissement : contient du peroxyde d&rsquo;hydrog\u00e8ne. Eviter le contact avec les yeux. En cas de contact avec les yeux, rincer imm\u00e9diatement et abondamment \u00e0 l&rsquo;eau &hellip;<\/p>\n<p class=\"read-more\"> <a class=\"\" href=\"https:\/\/www.in-tech-pro.com\/index.php\/produits\/\"> <span class=\"screen-reader-text\">OXYDANTS<\/span> Lire la suite\u00a0\u00bb<\/a><\/p>\n","protected":false},"author":1,"featured_media":0,"parent":0,"menu_order":0,"comment_status":"closed","ping_status":"closed","template":"","meta":{"site-sidebar-layout":"default","site-content-layout":"","ast-site-content-layout":"default","site-content-style":"default","site-sidebar-style":"default","ast-global-header-display":"","ast-banner-title-visibility":"","ast-main-header-display":"","ast-hfb-above-header-display":"","ast-hfb-below-header-display":"","ast-hfb-mobile-header-display":"","site-post-title":"","ast-breadcrumbs-content":"","ast-featured-img":"","footer-sml-layout":"","theme-transparent-header-meta":"","adv-header-id-meta":"","stick-header-meta":"","header-above-stick-meta":"","header-main-stick-meta":"","header-below-stick-meta":"","astra-migrate-meta-layouts":"set","footnotes":""},"class_list":["post-553","page","type-page","status-publish","hentry"],"_links":{"self":[{"href":"https:\/\/www.in-tech-pro.com\/index.php\/wp-json\/wp\/v2\/pages\/553","targetHints":{"allow":["GET"]}}],"collection":[{"href":"https:\/\/www.in-tech-pro.com\/index.php\/wp-json\/wp\/v2\/pages"}],"about":[{"href":"https:\/\/www.in-tech-pro.com\/index.php\/wp-json\/wp\/v2\/types\/page"}],"author":[{"embeddable":true,"href":"https:\/\/www.in-tech-pro.com\/index.php\/wp-json\/wp\/v2\/users\/1"}],"replies":[{"embeddable":true,"href":"https:\/\/www.in-tech-pro.com\/index.php\/wp-json\/wp\/v2\/comments?post=553"}],"version-history":[{"count":6,"href":"https:\/\/www.in-tech-pro.com\/index.php\/wp-json\/wp\/v2\/pages\/553\/revisions"}],"predecessor-version":[{"id":699,"href":"https:\/\/www.in-tech-pro.com\/index.php\/wp-json\/wp\/v2\/pages\/553\/revisions\/699"}],"wp:attachment":[{"href":"https:\/\/www.in-tech-pro.com\/index.php\/wp-json\/wp\/v2\/media?parent=553"}],"curies":[{"name":"wp","href":"https:\/\/api.w.org\/{rel}","templated":true}]}}