{"id":633,"date":"2023-10-09T14:45:49","date_gmt":"2023-10-09T12:45:49","guid":{"rendered":"https:\/\/www.in-tech-pro.com\/?page_id=633"},"modified":"2024-04-04T09:20:40","modified_gmt":"2024-04-04T07:20:40","slug":"poudre-deco-10-tons","status":"publish","type":"page","link":"https:\/\/www.in-tech-pro.com\/index.php\/poudre-deco-10-tons\/","title":{"rendered":"POUDRE D\u00c9CO 10 TONS"},"content":{"rendered":"\n<div class=\"wp-block-media-text is-stacked-on-mobile\"><figure class=\"wp-block-media-text__media\"><img loading=\"lazy\" decoding=\"async\" width=\"1024\" height=\"1024\" src=\"https:\/\/www.in-tech-pro.com\/wp-content\/uploads\/2024\/04\/publication-instagam-6-1024x1024.png\" alt=\"\" class=\"wp-image-701 size-full\" srcset=\"https:\/\/www.in-tech-pro.com\/wp-content\/uploads\/2024\/04\/publication-instagam-6-1024x1024.png 1024w, https:\/\/www.in-tech-pro.com\/wp-content\/uploads\/2024\/04\/publication-instagam-6-300x300.png 300w, https:\/\/www.in-tech-pro.com\/wp-content\/uploads\/2024\/04\/publication-instagam-6-150x150.png 150w, https:\/\/www.in-tech-pro.com\/wp-content\/uploads\/2024\/04\/publication-instagam-6-768x768.png 768w, https:\/\/www.in-tech-pro.com\/wp-content\/uploads\/2024\/04\/publication-instagam-6.png 1080w\" sizes=\"auto, (max-width: 1024px) 100vw, 1024px\" \/><\/figure><div class=\"wp-block-media-text__content\">\n<p><\/p>\n\n\n\n<h2 class=\"wp-block-heading\" id=\"block-a5da2e07-9df3-4f5b-96ec-138a52dbf86b\"><br>Poudre d\u00e9co 10 TONS<\/h2>\n\n\n\n<p id=\"block-8da2b32e-c728-4d14-8601-9bcbd951782d\">contenance : 500 gr<\/p>\n\n\n\n<p>Nouvelle formulation con\u00e7ue pour offrir un syst\u00e8me \u00e9claircissant aux performances uniques, gr\u00e2ce \u00e0 la synergie de la Taurine avec le Pigment Argent, stable lors de l\u2019activation, il est capable d\u2019\u00e9clairer jusqu\u2019\u00e0 10 TONS en toute s\u00e9curit\u00e9, en d\u00e9sactivant la r\u00e9flexion jaune ind\u00e9sirable. La taurine am\u00e9liore le d\u00e9veloppement de la formation d\u2019oxyg\u00e8ne actif qui all\u00e8ge la structure de la k\u00e9ratine sans la stresser. <\/p>\n\n\n\n<p>Les cheveux sont d\u00e9color\u00e9s et gris.<\/p>\n\n\n\n<p> Il ne contient pas de parfum, parab\u00e8nes, propyl\u00e8ne glycol, argile. *ajout\u00e9s<\/p>\n\n\n\n<p id=\"block-7124fc3a-bc68-4bb2-8269-47689d37fd03\">Fabriqu\u00e9 en Italie.<\/p>\n<\/div><\/div>\n","protected":false},"excerpt":{"rendered":"<p>Poudre d\u00e9co 10 TONS contenance : 500 gr Nouvelle formulation con\u00e7ue pour offrir un syst\u00e8me \u00e9claircissant aux performances uniques, gr\u00e2ce \u00e0 la synergie de la Taurine avec le Pigment Argent, stable lors de l\u2019activation, il est capable d\u2019\u00e9clairer jusqu\u2019\u00e0 10 TONS en toute s\u00e9curit\u00e9, en d\u00e9sactivant la r\u00e9flexion jaune ind\u00e9sirable. La taurine am\u00e9liore le d\u00e9veloppement &hellip;<\/p>\n<p class=\"read-more\"> <a class=\"\" href=\"https:\/\/www.in-tech-pro.com\/index.php\/poudre-deco-10-tons\/\"> <span class=\"screen-reader-text\">POUDRE D\u00c9CO 10 TONS<\/span> Lire la suite\u00a0\u00bb<\/a><\/p>\n","protected":false},"author":1,"featured_media":0,"parent":0,"menu_order":0,"comment_status":"closed","ping_status":"closed","template":"","meta":{"site-sidebar-layout":"default","site-content-layout":"","ast-site-content-layout":"default","site-content-style":"default","site-sidebar-style":"default","ast-global-header-display":"","ast-banner-title-visibility":"","ast-main-header-display":"","ast-hfb-above-header-display":"","ast-hfb-below-header-display":"","ast-hfb-mobile-header-display":"","site-post-title":"","ast-breadcrumbs-content":"","ast-featured-img":"","footer-sml-layout":"","theme-transparent-header-meta":"","adv-header-id-meta":"","stick-header-meta":"","header-above-stick-meta":"","header-main-stick-meta":"","header-below-stick-meta":"","astra-migrate-meta-layouts":"set","footnotes":""},"class_list":["post-633","page","type-page","status-publish","hentry"],"_links":{"self":[{"href":"https:\/\/www.in-tech-pro.com\/index.php\/wp-json\/wp\/v2\/pages\/633","targetHints":{"allow":["GET"]}}],"collection":[{"href":"https:\/\/www.in-tech-pro.com\/index.php\/wp-json\/wp\/v2\/pages"}],"about":[{"href":"https:\/\/www.in-tech-pro.com\/index.php\/wp-json\/wp\/v2\/types\/page"}],"author":[{"embeddable":true,"href":"https:\/\/www.in-tech-pro.com\/index.php\/wp-json\/wp\/v2\/users\/1"}],"replies":[{"embeddable":true,"href":"https:\/\/www.in-tech-pro.com\/index.php\/wp-json\/wp\/v2\/comments?post=633"}],"version-history":[{"count":5,"href":"https:\/\/www.in-tech-pro.com\/index.php\/wp-json\/wp\/v2\/pages\/633\/revisions"}],"predecessor-version":[{"id":702,"href":"https:\/\/www.in-tech-pro.com\/index.php\/wp-json\/wp\/v2\/pages\/633\/revisions\/702"}],"wp:attachment":[{"href":"https:\/\/www.in-tech-pro.com\/index.php\/wp-json\/wp\/v2\/media?parent=633"}],"curies":[{"name":"wp","href":"https:\/\/api.w.org\/{rel}","templated":true}]}}