{"id":673,"date":"2024-04-03T15:08:49","date_gmt":"2024-04-03T13:08:49","guid":{"rendered":"https:\/\/www.in-tech-pro.com\/?page_id=673"},"modified":"2024-04-03T15:15:35","modified_gmt":"2024-04-03T13:15:35","slug":"b-tox","status":"publish","type":"page","link":"https:\/\/www.in-tech-pro.com\/index.php\/b-tox\/","title":{"rendered":"B-TOX"},"content":{"rendered":"\n<p><\/p>\n\n\n\n<div class=\"wp-block-media-text alignwide is-stacked-on-mobile\" style=\"grid-template-columns:41% auto\"><figure class=\"wp-block-media-text__media\"><img loading=\"lazy\" decoding=\"async\" width=\"1024\" height=\"1024\" src=\"https:\/\/www.in-tech-pro.com\/wp-content\/uploads\/2024\/04\/publication-instagam-2-1024x1024.png\" alt=\"\" class=\"wp-image-683 size-full\" srcset=\"https:\/\/www.in-tech-pro.com\/wp-content\/uploads\/2024\/04\/publication-instagam-2-1024x1024.png 1024w, https:\/\/www.in-tech-pro.com\/wp-content\/uploads\/2024\/04\/publication-instagam-2-300x300.png 300w, https:\/\/www.in-tech-pro.com\/wp-content\/uploads\/2024\/04\/publication-instagam-2-150x150.png 150w, https:\/\/www.in-tech-pro.com\/wp-content\/uploads\/2024\/04\/publication-instagam-2-768x768.png 768w, https:\/\/www.in-tech-pro.com\/wp-content\/uploads\/2024\/04\/publication-instagam-2.png 1080w\" sizes=\"auto, (max-width: 1024px) 100vw, 1024px\" \/><\/figure><div class=\"wp-block-media-text__content\">\n<h2 class=\"wp-block-heading\" id=\"block-5f42eab8-2884-4118-afa5-d806d3f80e46\"><br>B-TOX BAIN &amp; TRAITEMENT<\/h2>\n\n\n\n<p id=\"block-28309e6a-3657-4cd5-b1f0-14663a563972\">contenance : 500ml<\/p>\n\n\n\n<p><strong>Le nouveau traitement capillaire enrichi en k\u00e9ratine<\/strong> <strong>et acide hyaluronique pour r\u00e9g\u00e9n\u00e9rer le cheveu<\/strong> <strong>en profondeur et effacer les signes du temps.<\/strong><\/p>\n\n\n\n<p><strong>Rituel BOTOX en 2 \u00e9tapes.<\/strong><\/p>\n\n\n\n<p><mark style=\"background-color:rgba(0, 0, 0, 0)\" class=\"has-inline-color has-ast-global-color-0-color\"><strong>Application<\/strong> n\u00b01 BAIN<\/mark><\/p>\n\n\n\n<p>Laver les cheveux avec environ 10ml de produit. R\u00e9p\u00e9ter l\u2019op\u00e9ration deux fois puis rincer abondamment.<\/p>\n\n\n\n<p>Cette \u00e9tape permet de nettoyer le cheveu en profondeur et le pr\u00e9parer de mani\u00e8re optimale \u00e0 recevoir le traitement HAIR B.TOX.<\/p>\n\n\n\n<p><mark style=\"background-color:rgba(0, 0, 0, 0)\" class=\"has-inline-color has-ast-global-color-0-color\"><strong>Application<\/strong> n\u00b02 TRAITEMENT <\/mark><\/p>\n\n\n\n<p>Sur cheveux humides, appliquer environ 15 ml de cr\u00e8me puis masser des racines aux pointes pour bien faire p\u00e9n\u00e9trer le produit.<\/p>\n\n\n\n<p><strong>Soin express :<\/strong> Laisser poser 10 minutes sous charlotte puis rincer abondamment.<\/p>\n\n\n\n<p><strong>Soin profond :<\/strong> Laisser poser de 20 \u00e0 30 minutes sous une source de chaleur puis rincer abondamment.<\/p>\n\n\n\n<p>Proc\u00e9der ensuite au passage du fer \u00e0 lisser plusieurs fois sur chaque m\u00e8che pour sceller le soin et prolonger ses effets<\/p>\n\n\n\n<p id=\"block-62a86fb3-4995-41ae-bc42-787cc4cdccd5\"><\/p>\n\n\n\n<p id=\"block-342500ba-aed1-447b-9770-e7b8005a5d7c\">Fabriqu\u00e9 en Italie.<\/p>\n<\/div><\/div>\n","protected":false},"excerpt":{"rendered":"<p>B-TOX BAIN &amp; TRAITEMENT contenance : 500ml Le nouveau traitement capillaire enrichi en k\u00e9ratine et acide hyaluronique pour r\u00e9g\u00e9n\u00e9rer le cheveu en profondeur et effacer les signes du temps. Rituel BOTOX en 2 \u00e9tapes. Application n\u00b01 BAIN Laver les cheveux avec environ 10ml de produit. R\u00e9p\u00e9ter l\u2019op\u00e9ration deux fois puis rincer abondamment. Cette \u00e9tape permet &hellip;<\/p>\n<p class=\"read-more\"> <a class=\"\" href=\"https:\/\/www.in-tech-pro.com\/index.php\/b-tox\/\"> <span class=\"screen-reader-text\">B-TOX<\/span> Lire la suite\u00a0\u00bb<\/a><\/p>\n","protected":false},"author":1,"featured_media":0,"parent":0,"menu_order":0,"comment_status":"closed","ping_status":"closed","template":"","meta":{"site-sidebar-layout":"default","site-content-layout":"","ast-site-content-layout":"default","site-content-style":"default","site-sidebar-style":"default","ast-global-header-display":"","ast-banner-title-visibility":"","ast-main-header-display":"","ast-hfb-above-header-display":"","ast-hfb-below-header-display":"","ast-hfb-mobile-header-display":"","site-post-title":"","ast-breadcrumbs-content":"","ast-featured-img":"","footer-sml-layout":"","theme-transparent-header-meta":"","adv-header-id-meta":"","stick-header-meta":"","header-above-stick-meta":"","header-main-stick-meta":"","header-below-stick-meta":"","astra-migrate-meta-layouts":"set","footnotes":""},"class_list":["post-673","page","type-page","status-publish","hentry"],"_links":{"self":[{"href":"https:\/\/www.in-tech-pro.com\/index.php\/wp-json\/wp\/v2\/pages\/673","targetHints":{"allow":["GET"]}}],"collection":[{"href":"https:\/\/www.in-tech-pro.com\/index.php\/wp-json\/wp\/v2\/pages"}],"about":[{"href":"https:\/\/www.in-tech-pro.com\/index.php\/wp-json\/wp\/v2\/types\/page"}],"author":[{"embeddable":true,"href":"https:\/\/www.in-tech-pro.com\/index.php\/wp-json\/wp\/v2\/users\/1"}],"replies":[{"embeddable":true,"href":"https:\/\/www.in-tech-pro.com\/index.php\/wp-json\/wp\/v2\/comments?post=673"}],"version-history":[{"count":9,"href":"https:\/\/www.in-tech-pro.com\/index.php\/wp-json\/wp\/v2\/pages\/673\/revisions"}],"predecessor-version":[{"id":687,"href":"https:\/\/www.in-tech-pro.com\/index.php\/wp-json\/wp\/v2\/pages\/673\/revisions\/687"}],"wp:attachment":[{"href":"https:\/\/www.in-tech-pro.com\/index.php\/wp-json\/wp\/v2\/media?parent=673"}],"curies":[{"name":"wp","href":"https:\/\/api.w.org\/{rel}","templated":true}]}}